{"id":79,"date":"2026-03-28T16:00:57","date_gmt":"2026-03-28T16:00:57","guid":{"rendered":"https:\/\/supergalibier.com\/?page_id=79"},"modified":"2026-03-28T17:09:08","modified_gmt":"2026-03-28T17:09:08","slug":"photos-infos","status":"publish","type":"page","link":"https:\/\/supergalibier.com\/nl\/photos-infos\/","title":{"rendered":"Prijs\/Informatie"},"content":{"rendered":"<div data-elementor-type=\"wp-page\" data-elementor-id=\"79\" class=\"elementor elementor-79\">\n\t\t\t\t<div class=\"elementor-element elementor-element-839befa e-flex e-con-boxed e-con e-parent\" data-id=\"839befa\" data-element_type=\"container\" data-e-type=\"container\">\n\t\t\t\t\t<div class=\"e-con-inner\">\n\t\t\t\t<div class=\"elementor-element elementor-element-126462f elementor-widget elementor-widget-heading\" data-id=\"126462f\" data-element_type=\"widget\" data-e-type=\"widget\" data-widget_type=\"heading.default\">\n\t\t\t\t\t<h2 class=\"elementor-heading-title elementor-size-default\">Prijs<\/h2>\t\t\t\t<\/div>\n\t\t\t\t<div class=\"elementor-element elementor-element-c2d88f6 elementor-widget elementor-widget-text-editor\" data-id=\"c2d88f6\" data-element_type=\"widget\" data-e-type=\"widget\" data-widget_type=\"text-editor.default\">\n\t\t\t\t\t\t\t\t\t<p><strong>T\u00c9L\u00c9CHARGEMENT DIRECT<\/strong> : Photo Num\u00e9rique <strong>6000 x 4000<\/strong> pixels<strong> px (24,3 millions de pixels):<\/strong><\/p><p>\u00a0 \u00a0 9<strong>\u00a0\u20ac<\/strong>\u00a0 (1 Fichier)<\/p><p>\u00a0 \u00a0 8<strong>\u20ac<\/strong>\u00a0 par fichier (2 Fichiers)<\/p><p>\u00a0 \u00a0 \u00a0<strong> 7\u20ac<\/strong>\u00a0 pat fichier (3 Fichiers)<\/p><p>\u00a0\u00a0<strong>\u00a0 \u00a0 6\u20ac<\/strong>\u00a0 par fichier (4 Fichiers ou plus)<\/p><p>\u00a0\u00a0\u00a0\u00a0<strong>\u00a0 5 \u20ac <\/strong>\u00a0par fichier (10 fichier ou plus)<\/p>\t\t\t\t\t\t\t\t<\/div>\n\t\t\t\t<div class=\"elementor-element elementor-element-676e19b elementor-widget elementor-widget-text-editor\" data-id=\"676e19b\" data-element_type=\"widget\" data-e-type=\"widget\" data-widget_type=\"text-editor.default\">\n\t\t\t\t\t\t\t\t\t<h1 data-section-id=\"ih7pr8\" data-start=\"163\" data-end=\"177\">Infos Photos<\/h1><p data-start=\"179\" data-end=\"381\">Toutes les photos propos\u00e9es sur SuperGalibier sont prises directement au Col du Galibier et dans les environs. Chaque clich\u00e9 est captur\u00e9 par moi-m\u00eame afin de garantir des photos authentiques et uniques.<\/p><h2 data-section-id=\"1wysr1x\" data-start=\"383\" data-end=\"404\">Qualit\u00e9 des photos<\/h2><p data-start=\"405\" data-end=\"529\">Les photos sont fournies en <strong data-start=\"433\" data-end=\"450\">haute qualit\u00e9<\/strong> au format <strong data-start=\"461\" data-end=\"469\">JPEG<\/strong>, sans filigrane apr\u00e8s achat.<br data-start=\"498\" data-end=\"501\" \/>Elles sont optimis\u00e9es pour :<\/p><ul data-start=\"530\" data-end=\"604\"><li data-section-id=\"1mfeskz\" data-start=\"530\" data-end=\"549\">R\u00e9seaux sociaux<\/li><li data-section-id=\"758erl\" data-start=\"550\" data-end=\"566\">Fond d\u2019\u00e9cran<\/li><li data-section-id=\"1otl9c3\" data-start=\"567\" data-end=\"581\">Impression<\/li><li data-section-id=\"131ojsl\" data-start=\"582\" data-end=\"604\">Souvenir personnel<\/li><\/ul><h2 data-section-id=\"s8k032\" data-start=\"606\" data-end=\"640\">Comment r\u00e9cup\u00e9rer votre photo ?<\/h2><p data-start=\"641\" data-end=\"778\">Une fois votre achat effectu\u00e9, vous pourrez t\u00e9l\u00e9charger votre photo imm\u00e9diatement depuis le site. Le t\u00e9l\u00e9chargement est simple et rapide.<\/p><h2 data-section-id=\"1a7k85w\" data-start=\"780\" data-end=\"805\">Publication des photos<\/h2><p data-start=\"806\" data-end=\"965\">Les photos sont g\u00e9n\u00e9ralement publi\u00e9es le jour m\u00eame dans la soir\u00e9e.<br data-start=\"872\" data-end=\"875\" \/>Il est \u00e9galement possible de demander une mise en ligne plus rapide directement sur place.<\/p>\t\t\t\t\t\t\t\t<\/div>\n\t\t\t\t\t<\/div>\n\t\t\t\t<\/div>\n\t\t\t\t<\/div>","protected":false},"excerpt":{"rendered":"<p>Prix T\u00c9L\u00c9CHARGEMENT DIRECT : Photo Num\u00e9rique 6000 x 4000 pixels px (24,3 millions de pixels): \u00a0 \u00a0 9\u00a0\u20ac\u00a0 (1 Fichier) [&hellip;]<\/p>\n","protected":false},"author":1,"featured_media":0,"parent":0,"menu_order":0,"comment_status":"closed","ping_status":"closed","template":"","meta":{"site-sidebar-layout":"no-sidebar","site-content-layout":"","ast-site-content-layout":"full-width-container","site-content-style":"default","site-sidebar-style":"default","ast-global-header-display":"","ast-banner-title-visibility":"","ast-main-header-display":"","ast-hfb-above-header-display":"","ast-hfb-below-header-display":"","ast-hfb-mobile-header-display":"","site-post-title":"disabled","ast-breadcrumbs-content":"","ast-featured-img":"disabled","footer-sml-layout":"","ast-disable-related-posts":"","theme-transparent-header-meta":"","adv-header-id-meta":"","stick-header-meta":"","header-above-stick-meta":"","header-main-stick-meta":"","header-below-stick-meta":"","astra-migrate-meta-layouts":"default","ast-page-background-enabled":"default","ast-page-background-meta":{"desktop":{"background-color":"var(--ast-global-color-5)","background-image":"","background-repeat":"repeat","background-position":"center center","background-size":"auto","background-attachment":"scroll","background-type":"","background-media":"","overlay-type":"","overlay-color":"","overlay-opacity":"","overlay-gradient":""},"tablet":{"background-color":"","background-image":"","background-repeat":"repeat","background-position":"center center","background-size":"auto","background-attachment":"scroll","background-type":"","background-media":"","overlay-type":"","overlay-color":"","overlay-opacity":"","overlay-gradient":""},"mobile":{"background-color":"","background-image":"","background-repeat":"repeat","background-position":"center center","background-size":"auto","background-attachment":"scroll","background-type":"","background-media":"","overlay-type":"","overlay-color":"","overlay-opacity":"","overlay-gradient":""}},"ast-content-background-meta":{"desktop":{"background-color":"var(--ast-global-color-4)","background-image":"","background-repeat":"repeat","background-position":"center center","background-size":"auto","background-attachment":"scroll","background-type":"","background-media":"","overlay-type":"","overlay-color":"","overlay-opacity":"","overlay-gradient":""},"tablet":{"background-color":"var(--ast-global-color-4)","background-image":"","background-repeat":"repeat","background-position":"center center","background-size":"auto","background-attachment":"scroll","background-type":"","background-media":"","overlay-type":"","overlay-color":"","overlay-opacity":"","overlay-gradient":""},"mobile":{"background-color":"var(--ast-global-color-4)","background-image":"","background-repeat":"repeat","background-position":"center center","background-size":"auto","background-attachment":"scroll","background-type":"","background-media":"","overlay-type":"","overlay-color":"","overlay-opacity":"","overlay-gradient":""}},"ngg_post_thumbnail":0,"footnotes":""},"class_list":["post-79","page","type-page","status-publish","hentry"],"_links":{"self":[{"href":"https:\/\/supergalibier.com\/nl\/wp-json\/wp\/v2\/pages\/79","targetHints":{"allow":["GET"]}}],"collection":[{"href":"https:\/\/supergalibier.com\/nl\/wp-json\/wp\/v2\/pages"}],"about":[{"href":"https:\/\/supergalibier.com\/nl\/wp-json\/wp\/v2\/types\/page"}],"author":[{"embeddable":true,"href":"https:\/\/supergalibier.com\/nl\/wp-json\/wp\/v2\/users\/1"}],"replies":[{"embeddable":true,"href":"https:\/\/supergalibier.com\/nl\/wp-json\/wp\/v2\/comments?post=79"}],"version-history":[{"count":5,"href":"https:\/\/supergalibier.com\/nl\/wp-json\/wp\/v2\/pages\/79\/revisions"}],"predecessor-version":[{"id":95,"href":"https:\/\/supergalibier.com\/nl\/wp-json\/wp\/v2\/pages\/79\/revisions\/95"}],"wp:attachment":[{"href":"https:\/\/supergalibier.com\/nl\/wp-json\/wp\/v2\/media?parent=79"}],"curies":[{"name":"wp","href":"https:\/\/api.w.org\/{rel}","templated":true}]}}