{"id":218,"date":"2026-03-30T20:48:36","date_gmt":"2026-03-30T20:48:36","guid":{"rendered":"https:\/\/supergalibier.com\/?page_id=218"},"modified":"2026-03-30T20:50:55","modified_gmt":"2026-03-30T20:50:55","slug":"politique-de-confidentialite","status":"publish","type":"page","link":"https:\/\/supergalibier.com\/it\/politique-de-confidentialite\/","title":{"rendered":"politica sulla riservatezza"},"content":{"rendered":"<div data-elementor-type=\"wp-page\" data-elementor-id=\"218\" class=\"elementor elementor-218\">\n\t\t\t\t<div class=\"elementor-element elementor-element-e6dc98c e-flex e-con-boxed e-con e-parent\" data-id=\"e6dc98c\" data-element_type=\"container\" data-e-type=\"container\">\n\t\t\t\t\t<div class=\"e-con-inner\">\n\t\t\t\t<div class=\"elementor-element elementor-element-249e51a elementor-widget elementor-widget-text-editor\" data-id=\"249e51a\" data-element_type=\"widget\" data-e-type=\"widget\" data-widget_type=\"text-editor.default\">\n\t\t\t\t\t\t\t\t\t<h1 data-section-id=\"k198w7\" data-start=\"203\" data-end=\"233\">politica sulla riservatezza<\/h1><h2 data-section-id=\"uge7gw\" data-start=\"235\" data-end=\"271\">Collecte des donn\u00e9es personnelles<\/h2><p data-start=\"273\" data-end=\"353\">Le site SuperGalibier peut collecter certaines donn\u00e9es personnelles, notamment :<\/p><ul data-start=\"355\" data-end=\"443\"><li data-section-id=\"6a6dg5\" data-start=\"355\" data-end=\"401\">Adresse email via le formulaire de contact<\/li><li data-section-id=\"1ke4cv8\" data-start=\"402\" data-end=\"443\">Donn\u00e9es de navigation via les cookies<\/li><\/ul><h2 data-section-id=\"yt0bog\" data-start=\"445\" data-end=\"471\">Utilisation des donn\u00e9es<\/h2><p data-start=\"473\" data-end=\"517\">Les donn\u00e9es collect\u00e9es sont utilis\u00e9es pour :<\/p><ul data-start=\"519\" data-end=\"653\"><li data-section-id=\"1n9xjno\" data-start=\"519\" data-end=\"561\">R\u00e9pondre aux demandes des utilisateurs<\/li><li data-section-id=\"16a8q36\" data-start=\"562\" data-end=\"600\">Am\u00e9liorer l&rsquo;exp\u00e9rience utilisateur<\/li><li data-section-id=\"8fh7k4\" data-start=\"601\" data-end=\"653\">G\u00e9rer les commandes et t\u00e9l\u00e9chargements de photos<\/li><\/ul><h2 data-section-id=\"1kikupj\" data-start=\"655\" data-end=\"677\">Partage des donn\u00e9es<\/h2><p data-start=\"679\" data-end=\"765\">Les donn\u00e9es personnelles ne sont ni vendues, ni \u00e9chang\u00e9es, ni transf\u00e9r\u00e9es \u00e0 des tiers.<\/p><h2 data-section-id=\"1ozehvq\" data-start=\"767\" data-end=\"791\">Dur\u00e9e de conservation<\/h2><p data-start=\"793\" data-end=\"857\">Les donn\u00e9es sont conserv\u00e9es pendant une dur\u00e9e maximale de 3 ans.<\/p><h2 data-section-id=\"1n8h1ov\" data-start=\"859\" data-end=\"870\">S\u00e9curit\u00e9<\/h2><p data-start=\"872\" data-end=\"965\">SuperGalibier met en \u0153uvre des mesures de s\u00e9curit\u00e9 afin de prot\u00e9ger les donn\u00e9es personnelles.<\/p><h2 data-section-id=\"9xnhyq\" data-start=\"967\" data-end=\"977\">Cookies<\/h2><p data-start=\"979\" data-end=\"1061\">Le site SuperGalibier utilise des cookies pour am\u00e9liorer l&rsquo;exp\u00e9rience utilisateur.<\/p><h2 data-section-id=\"a2jb2d\" data-start=\"1063\" data-end=\"1073\">Contact<\/h2><p data-start=\"1075\" data-end=\"1131\">Pour toute demande concernant vos donn\u00e9es personnelles :<\/p><p data-start=\"1133\" data-end=\"1160\"><a class=\"decorated-link cursor-pointer\" rel=\"noopener\" data-start=\"1133\" data-end=\"1160\">supergalibierpics@gmail.com<\/a><\/p>\t\t\t\t\t\t\t\t<\/div>\n\t\t\t\t\t<\/div>\n\t\t\t\t<\/div>\n\t\t\t\t<\/div>","protected":false},"excerpt":{"rendered":"<p>Politique de confidentialit\u00e9 Collecte des donn\u00e9es personnelles Le site SuperGalibier peut collecter certaines donn\u00e9es personnelles, notamment : Adresse email via [&hellip;]<\/p>\n","protected":false},"author":1,"featured_media":0,"parent":0,"menu_order":0,"comment_status":"closed","ping_status":"closed","template":"","meta":{"site-sidebar-layout":"no-sidebar","site-content-layout":"","ast-site-content-layout":"full-width-container","site-content-style":"default","site-sidebar-style":"default","ast-global-header-display":"","ast-banner-title-visibility":"","ast-main-header-display":"","ast-hfb-above-header-display":"","ast-hfb-below-header-display":"","ast-hfb-mobile-header-display":"","site-post-title":"disabled","ast-breadcrumbs-content":"","ast-featured-img":"disabled","footer-sml-layout":"","ast-disable-related-posts":"","theme-transparent-header-meta":"","adv-header-id-meta":"","stick-header-meta":"","header-above-stick-meta":"","header-main-stick-meta":"","header-below-stick-meta":"","astra-migrate-meta-layouts":"default","ast-page-background-enabled":"default","ast-page-background-meta":{"desktop":{"background-color":"var(--ast-global-color-5)","background-image":"","background-repeat":"repeat","background-position":"center center","background-size":"auto","background-attachment":"scroll","background-type":"","background-media":"","overlay-type":"","overlay-color":"","overlay-opacity":"","overlay-gradient":""},"tablet":{"background-color":"","background-image":"","background-repeat":"repeat","background-position":"center center","background-size":"auto","background-attachment":"scroll","background-type":"","background-media":"","overlay-type":"","overlay-color":"","overlay-opacity":"","overlay-gradient":""},"mobile":{"background-color":"","background-image":"","background-repeat":"repeat","background-position":"center center","background-size":"auto","background-attachment":"scroll","background-type":"","background-media":"","overlay-type":"","overlay-color":"","overlay-opacity":"","overlay-gradient":""}},"ast-content-background-meta":{"desktop":{"background-color":"var(--ast-global-color-4)","background-image":"","background-repeat":"repeat","background-position":"center center","background-size":"auto","background-attachment":"scroll","background-type":"","background-media":"","overlay-type":"","overlay-color":"","overlay-opacity":"","overlay-gradient":""},"tablet":{"background-color":"var(--ast-global-color-4)","background-image":"","background-repeat":"repeat","background-position":"center center","background-size":"auto","background-attachment":"scroll","background-type":"","background-media":"","overlay-type":"","overlay-color":"","overlay-opacity":"","overlay-gradient":""},"mobile":{"background-color":"var(--ast-global-color-4)","background-image":"","background-repeat":"repeat","background-position":"center center","background-size":"auto","background-attachment":"scroll","background-type":"","background-media":"","overlay-type":"","overlay-color":"","overlay-opacity":"","overlay-gradient":""}},"ngg_post_thumbnail":0,"footnotes":""},"class_list":["post-218","page","type-page","status-publish","hentry"],"_links":{"self":[{"href":"https:\/\/supergalibier.com\/it\/wp-json\/wp\/v2\/pages\/218","targetHints":{"allow":["GET"]}}],"collection":[{"href":"https:\/\/supergalibier.com\/it\/wp-json\/wp\/v2\/pages"}],"about":[{"href":"https:\/\/supergalibier.com\/it\/wp-json\/wp\/v2\/types\/page"}],"author":[{"embeddable":true,"href":"https:\/\/supergalibier.com\/it\/wp-json\/wp\/v2\/users\/1"}],"replies":[{"embeddable":true,"href":"https:\/\/supergalibier.com\/it\/wp-json\/wp\/v2\/comments?post=218"}],"version-history":[{"count":4,"href":"https:\/\/supergalibier.com\/it\/wp-json\/wp\/v2\/pages\/218\/revisions"}],"predecessor-version":[{"id":222,"href":"https:\/\/supergalibier.com\/it\/wp-json\/wp\/v2\/pages\/218\/revisions\/222"}],"wp:attachment":[{"href":"https:\/\/supergalibier.com\/it\/wp-json\/wp\/v2\/media?parent=218"}],"curies":[{"name":"wp","href":"https:\/\/api.w.org\/{rel}","templated":true}]}}