{"id":41,"date":"2026-03-28T13:56:05","date_gmt":"2026-03-28T13:56:05","guid":{"rendered":"https:\/\/supergalibier.com\/?page_id=41"},"modified":"2026-03-28T15:24:22","modified_gmt":"2026-03-28T15:24:22","slug":"a-propos","status":"publish","type":"page","link":"https:\/\/supergalibier.com\/es\/a-propos\/","title":{"rendered":"Sobre nosotros"},"content":{"rendered":"<div data-elementor-type=\"wp-page\" data-elementor-id=\"41\" class=\"elementor elementor-41\">\n\t\t\t\t<div class=\"elementor-element elementor-element-a487e8d e-flex e-con-boxed e-con e-parent\" data-id=\"a487e8d\" data-element_type=\"container\" data-e-type=\"container\">\n\t\t\t\t\t<div class=\"e-con-inner\">\n\t\t\t\t<div class=\"elementor-element elementor-element-e267864 elementor-widget elementor-widget-heading\" data-id=\"e267864\" data-element_type=\"widget\" data-e-type=\"widget\" data-widget_type=\"heading.default\">\n\t\t\t\t\t<h2 class=\"elementor-heading-title elementor-size-default\">A propos de SuperGalibier<\/h2>\t\t\t\t<\/div>\n\t\t\t\t\t<\/div>\n\t\t\t\t<\/div>\n\t\t<div class=\"elementor-element elementor-element-811c55b e-flex e-con-boxed e-con e-parent\" data-id=\"811c55b\" data-element_type=\"container\" data-e-type=\"container\">\n\t\t\t\t\t<div class=\"e-con-inner\">\n\t\t\t\t<div class=\"elementor-element elementor-element-1dc67be elementor-widget elementor-widget-text-editor\" data-id=\"1dc67be\" data-element_type=\"widget\" data-e-type=\"widget\" data-widget_type=\"text-editor.default\">\n\t\t\t\t\t\t\t\t\t<p data-start=\"124\" data-end=\"329\"><strong>SuperGalibier est n\u00e9 d\u2019une passion pour le mythique Col du Galibier et tout ce qui l\u2019entoure. \u00c0 seulement 18 ans, j\u2019ai d\u00e9cid\u00e9 de capturer l\u2019\u00e9nergie unique de ce lieu embl\u00e9matique \u00e0 travers la photographie.<\/strong><\/p><p data-start=\"331\" data-end=\"563\"><strong>Supercars, motos, cyclistes\u2026 Le Galibier attire chaque jour des passionn\u00e9s venus profiter de l\u2019un des plus beaux cols des Alpes. Mon objectif est de capturer ces instants, ces machines et ces performances dans un d\u00e9cor exceptionnel.<\/strong><\/p><p data-start=\"565\" data-end=\"746\"><strong>Toutes les photos sont prises sur le terrain, au\u00a0 Col du Galibier et des routes de montagne environnantes, afin de proposer des clich\u00e9s authentiques et uniques.<\/strong><\/p><p data-start=\"748\" data-end=\"844\"><strong>Les photos sont disponibles en haute qualit\u00e9 et de nouvelles images sont ajout\u00e9es r\u00e9guli\u00e8rement.<\/strong><\/p><p data-start=\"846\" data-end=\"957\"><strong>SuperGalibier, c\u2019est la passion de la montagne, de la route et de la performance!<\/strong><\/p>\t\t\t\t\t\t\t\t<\/div>\n\t\t\t\t\t<\/div>\n\t\t\t\t<\/div>\n\t\t<div class=\"elementor-element elementor-element-88afdf0 e-flex e-con-boxed e-con e-parent\" data-id=\"88afdf0\" data-element_type=\"container\" data-e-type=\"container\">\n\t\t\t\t\t<div class=\"e-con-inner\">\n\t\t\t\t<div class=\"elementor-element elementor-element-509c6de elementor-widget elementor-widget-heading\" data-id=\"509c6de\" data-element_type=\"widget\" data-e-type=\"widget\" data-widget_type=\"heading.default\">\n\t\t\t\t\t<h2 class=\"elementor-heading-title elementor-size-default\">Ou me trouvez ?<\/h2>\t\t\t\t<\/div>\n\t\t\t\t<div class=\"elementor-element elementor-element-4d17bb1 elementor-widget elementor-widget-text-editor\" data-id=\"4d17bb1\" data-element_type=\"widget\" data-e-type=\"widget\" data-widget_type=\"text-editor.default\">\n\t\t\t\t\t\t\t\t\t<p><strong>Je suis situ\u00e9 dans la mont\u00e9 du Col du Galibier , et affichez gr\u00e2ce a plusieurs pancartes<\/strong>\u00a0<\/p>\t\t\t\t\t\t\t\t<\/div>\n\t\t\t\t\t<\/div>\n\t\t\t\t<\/div>\n\t\t<div class=\"elementor-element elementor-element-b6b4d3b e-flex e-con-boxed e-con e-parent\" data-id=\"b6b4d3b\" data-element_type=\"container\" data-e-type=\"container\">\n\t\t\t\t\t<div class=\"e-con-inner\">\n\t\t\t\t<div class=\"elementor-element elementor-element-2f2a9a6 elementor-widget elementor-widget-google_maps\" data-id=\"2f2a9a6\" data-element_type=\"widget\" data-e-type=\"widget\" data-widget_type=\"google_maps.default\">\n\t\t\t\t\t\t\t<div class=\"elementor-custom-embed\">\n\t\t\t<iframe loading=\"lazy\"\n\t\t\t\t\tsrc=\"https:\/\/maps.google.com\/maps?q=Col%20du%20galibier&#038;t=m&#038;z=10&#038;output=embed&#038;iwloc=near\"\n\t\t\t\t\ttitle=\"Col du galibier\"\n\t\t\t\t\taria-label=\"Col du galibier\"\n\t\t\t><\/iframe>\n\t\t<\/div>\n\t\t\t\t\t\t<\/div>\n\t\t\t\t\t<\/div>\n\t\t\t\t<\/div>\n\t\t\t\t<\/div>","protected":false},"excerpt":{"rendered":"<p>A propos de SuperGalibier SuperGalibier est n\u00e9 d\u2019une passion pour le mythique Col du Galibier et tout ce qui l\u2019entoure. [&hellip;]<\/p>\n","protected":false},"author":1,"featured_media":0,"parent":0,"menu_order":0,"comment_status":"closed","ping_status":"closed","template":"","meta":{"site-sidebar-layout":"no-sidebar","site-content-layout":"","ast-site-content-layout":"full-width-container","site-content-style":"default","site-sidebar-style":"default","ast-global-header-display":"","ast-banner-title-visibility":"","ast-main-header-display":"","ast-hfb-above-header-display":"","ast-hfb-below-header-display":"","ast-hfb-mobile-header-display":"","site-post-title":"disabled","ast-breadcrumbs-content":"","ast-featured-img":"disabled","footer-sml-layout":"","ast-disable-related-posts":"","theme-transparent-header-meta":"","adv-header-id-meta":"","stick-header-meta":"","header-above-stick-meta":"","header-main-stick-meta":"","header-below-stick-meta":"","astra-migrate-meta-layouts":"default","ast-page-background-enabled":"default","ast-page-background-meta":{"desktop":{"background-color":"var(--ast-global-color-5)","background-image":"","background-repeat":"repeat","background-position":"center center","background-size":"auto","background-attachment":"scroll","background-type":"","background-media":"","overlay-type":"","overlay-color":"","overlay-opacity":"","overlay-gradient":""},"tablet":{"background-color":"","background-image":"","background-repeat":"repeat","background-position":"center center","background-size":"auto","background-attachment":"scroll","background-type":"","background-media":"","overlay-type":"","overlay-color":"","overlay-opacity":"","overlay-gradient":""},"mobile":{"background-color":"","background-image":"","background-repeat":"repeat","background-position":"center center","background-size":"auto","background-attachment":"scroll","background-type":"","background-media":"","overlay-type":"","overlay-color":"","overlay-opacity":"","overlay-gradient":""}},"ast-content-background-meta":{"desktop":{"background-color":"var(--ast-global-color-4)","background-image":"","background-repeat":"repeat","background-position":"center center","background-size":"auto","background-attachment":"scroll","background-type":"","background-media":"","overlay-type":"","overlay-color":"","overlay-opacity":"","overlay-gradient":""},"tablet":{"background-color":"var(--ast-global-color-4)","background-image":"","background-repeat":"repeat","background-position":"center center","background-size":"auto","background-attachment":"scroll","background-type":"","background-media":"","overlay-type":"","overlay-color":"","overlay-opacity":"","overlay-gradient":""},"mobile":{"background-color":"var(--ast-global-color-4)","background-image":"","background-repeat":"repeat","background-position":"center center","background-size":"auto","background-attachment":"scroll","background-type":"","background-media":"","overlay-type":"","overlay-color":"","overlay-opacity":"","overlay-gradient":""}},"ngg_post_thumbnail":0,"footnotes":""},"class_list":["post-41","page","type-page","status-publish","hentry"],"_links":{"self":[{"href":"https:\/\/supergalibier.com\/es\/wp-json\/wp\/v2\/pages\/41","targetHints":{"allow":["GET"]}}],"collection":[{"href":"https:\/\/supergalibier.com\/es\/wp-json\/wp\/v2\/pages"}],"about":[{"href":"https:\/\/supergalibier.com\/es\/wp-json\/wp\/v2\/types\/page"}],"author":[{"embeddable":true,"href":"https:\/\/supergalibier.com\/es\/wp-json\/wp\/v2\/users\/1"}],"replies":[{"embeddable":true,"href":"https:\/\/supergalibier.com\/es\/wp-json\/wp\/v2\/comments?post=41"}],"version-history":[{"count":4,"href":"https:\/\/supergalibier.com\/es\/wp-json\/wp\/v2\/pages\/41\/revisions"}],"predecessor-version":[{"id":60,"href":"https:\/\/supergalibier.com\/es\/wp-json\/wp\/v2\/pages\/41\/revisions\/60"}],"wp:attachment":[{"href":"https:\/\/supergalibier.com\/es\/wp-json\/wp\/v2\/media?parent=41"}],"curies":[{"name":"wp","href":"https:\/\/api.w.org\/{rel}","templated":true}]}}