{"id":223,"date":"2026-03-30T20:52:11","date_gmt":"2026-03-30T20:52:11","guid":{"rendered":"https:\/\/supergalibier.com\/?page_id=223"},"modified":"2026-03-30T20:54:28","modified_gmt":"2026-03-30T20:54:28","slug":"cgv","status":"publish","type":"page","link":"https:\/\/supergalibier.com\/de\/cgv\/","title":{"rendered":"Gesch\u00e4ftsbedingungen"},"content":{"rendered":"<div data-elementor-type=\"wp-page\" data-elementor-id=\"223\" class=\"elementor elementor-223\">\n\t\t\t\t<div class=\"elementor-element elementor-element-a031fd2 e-flex e-con-boxed e-con e-parent\" data-id=\"a031fd2\" data-element_type=\"container\" data-e-type=\"container\">\n\t\t\t\t\t<div class=\"e-con-inner\">\n\t\t\t\t<div class=\"elementor-element elementor-element-070b6cf elementor-widget elementor-widget-text-editor\" data-id=\"070b6cf\" data-element_type=\"widget\" data-e-type=\"widget\" data-widget_type=\"text-editor.default\">\n\t\t\t\t\t\t\t\t\t<h1 data-section-id=\"1oyvtdt\" data-start=\"220\" data-end=\"267\">Conditions G\u00e9n\u00e9rales de Vente \u2014 SuperGalibier<\/h1><h2 data-section-id=\"1a65ki4\" data-start=\"269\" data-end=\"280\">1. Objet<\/h2><p data-start=\"282\" data-end=\"411\">Les pr\u00e9sentes Conditions G\u00e9n\u00e9rales de Vente r\u00e9gissent les ventes de photographies num\u00e9riques propos\u00e9es sur le site SuperGalibier.<\/p><h2 data-section-id=\"c4sm4r\" data-start=\"413\" data-end=\"427\">2. Produits<\/h2><p data-start=\"429\" data-end=\"516\">Les produits propos\u00e9s sont des photographies num\u00e9riques t\u00e9l\u00e9chargeables apr\u00e8s paiement.<\/p><p data-start=\"518\" data-end=\"600\">Les photos sont destin\u00e9es \u00e0 un usage personnel uniquement, sauf mention contraire.<\/p><h2 data-section-id=\"1mtctwr\" data-start=\"602\" data-end=\"612\">3. Prix<\/h2><p data-start=\"614\" data-end=\"722\">Les prix sont indiqu\u00e9s en euros (\u20ac).<br data-start=\"650\" data-end=\"653\" \/>SuperGalibier se r\u00e9serve le droit de modifier les prix \u00e0 tout moment.<\/p><h2 data-section-id=\"gh89cg\" data-start=\"724\" data-end=\"738\">4. Paiement<\/h2><p data-start=\"740\" data-end=\"801\">Le paiement s\u2019effectue en ligne via une plateforme s\u00e9curis\u00e9e.<\/p><h2 data-section-id=\"1k1rflx\" data-start=\"803\" data-end=\"818\">5. Livraison<\/h2><p data-start=\"820\" data-end=\"911\">Apr\u00e8s paiement, le client re\u00e7oit un lien de t\u00e9l\u00e9chargement pour acc\u00e9der \u00e0 la photo achet\u00e9e.<\/p><p data-start=\"913\" data-end=\"971\">La livraison est imm\u00e9diate apr\u00e8s confirmation du paiement.<\/p><h2 data-section-id=\"1sdo6mm\" data-start=\"973\" data-end=\"1000\">6. Droit de r\u00e9tractation<\/h2><p data-start=\"1002\" data-end=\"1152\">Conform\u00e9ment \u00e0 l&rsquo;article L221-28 du Code de la consommation, les produits num\u00e9riques ne b\u00e9n\u00e9ficient pas du droit de r\u00e9tractation une fois t\u00e9l\u00e9charg\u00e9s<\/p><h2 data-section-id=\"ah946f\" data-start=\"1436\" data-end=\"1456\">7. Responsabilit\u00e9<\/h2><p data-start=\"1458\" data-end=\"1542\">SuperGalibier ne pourra \u00eatre tenu responsable d&rsquo;une mauvaise utilisation des photos.<\/p><h2 data-section-id=\"1vqt0fm\" data-start=\"1544\" data-end=\"1557\">8. Contact<\/h2><p data-start=\"1559\" data-end=\"1602\">Pour toute question concernant les ventes :<\/p><p data-start=\"1604\" data-end=\"1631\"><a class=\"decorated-link cursor-pointer\" rel=\"noopener\" data-start=\"1604\" data-end=\"1631\">supergalibierpics@gmail.com<\/a><\/p>\t\t\t\t\t\t\t\t<\/div>\n\t\t\t\t\t<\/div>\n\t\t\t\t<\/div>\n\t\t\t\t<\/div>","protected":false},"excerpt":{"rendered":"<p>Conditions G\u00e9n\u00e9rales de Vente \u2014 SuperGalibier 1. Objet Les pr\u00e9sentes Conditions G\u00e9n\u00e9rales de Vente r\u00e9gissent les ventes de photographies num\u00e9riques [&hellip;]<\/p>\n","protected":false},"author":1,"featured_media":0,"parent":0,"menu_order":0,"comment_status":"closed","ping_status":"closed","template":"","meta":{"site-sidebar-layout":"no-sidebar","site-content-layout":"","ast-site-content-layout":"full-width-container","site-content-style":"default","site-sidebar-style":"default","ast-global-header-display":"","ast-banner-title-visibility":"","ast-main-header-display":"","ast-hfb-above-header-display":"","ast-hfb-below-header-display":"","ast-hfb-mobile-header-display":"","site-post-title":"","ast-breadcrumbs-content":"","ast-featured-img":"disabled","footer-sml-layout":"","ast-disable-related-posts":"","theme-transparent-header-meta":"","adv-header-id-meta":"","stick-header-meta":"","header-above-stick-meta":"","header-main-stick-meta":"","header-below-stick-meta":"","astra-migrate-meta-layouts":"default","ast-page-background-enabled":"default","ast-page-background-meta":{"desktop":{"background-color":"var(--ast-global-color-5)","background-image":"","background-repeat":"repeat","background-position":"center center","background-size":"auto","background-attachment":"scroll","background-type":"","background-media":"","overlay-type":"","overlay-color":"","overlay-opacity":"","overlay-gradient":""},"tablet":{"background-color":"","background-image":"","background-repeat":"repeat","background-position":"center center","background-size":"auto","background-attachment":"scroll","background-type":"","background-media":"","overlay-type":"","overlay-color":"","overlay-opacity":"","overlay-gradient":""},"mobile":{"background-color":"","background-image":"","background-repeat":"repeat","background-position":"center center","background-size":"auto","background-attachment":"scroll","background-type":"","background-media":"","overlay-type":"","overlay-color":"","overlay-opacity":"","overlay-gradient":""}},"ast-content-background-meta":{"desktop":{"background-color":"var(--ast-global-color-4)","background-image":"","background-repeat":"repeat","background-position":"center center","background-size":"auto","background-attachment":"scroll","background-type":"","background-media":"","overlay-type":"","overlay-color":"","overlay-opacity":"","overlay-gradient":""},"tablet":{"background-color":"var(--ast-global-color-4)","background-image":"","background-repeat":"repeat","background-position":"center center","background-size":"auto","background-attachment":"scroll","background-type":"","background-media":"","overlay-type":"","overlay-color":"","overlay-opacity":"","overlay-gradient":""},"mobile":{"background-color":"var(--ast-global-color-4)","background-image":"","background-repeat":"repeat","background-position":"center center","background-size":"auto","background-attachment":"scroll","background-type":"","background-media":"","overlay-type":"","overlay-color":"","overlay-opacity":"","overlay-gradient":""}},"ngg_post_thumbnail":0,"footnotes":""},"class_list":["post-223","page","type-page","status-publish","hentry"],"_links":{"self":[{"href":"https:\/\/supergalibier.com\/de\/wp-json\/wp\/v2\/pages\/223","targetHints":{"allow":["GET"]}}],"collection":[{"href":"https:\/\/supergalibier.com\/de\/wp-json\/wp\/v2\/pages"}],"about":[{"href":"https:\/\/supergalibier.com\/de\/wp-json\/wp\/v2\/types\/page"}],"author":[{"embeddable":true,"href":"https:\/\/supergalibier.com\/de\/wp-json\/wp\/v2\/users\/1"}],"replies":[{"embeddable":true,"href":"https:\/\/supergalibier.com\/de\/wp-json\/wp\/v2\/comments?post=223"}],"version-history":[{"count":7,"href":"https:\/\/supergalibier.com\/de\/wp-json\/wp\/v2\/pages\/223\/revisions"}],"predecessor-version":[{"id":230,"href":"https:\/\/supergalibier.com\/de\/wp-json\/wp\/v2\/pages\/223\/revisions\/230"}],"wp:attachment":[{"href":"https:\/\/supergalibier.com\/de\/wp-json\/wp\/v2\/media?parent=223"}],"curies":[{"name":"wp","href":"https:\/\/api.w.org\/{rel}","templated":true}]}}